{"id":88,"date":"2008-08-05T23:33:07","date_gmt":"2008-08-05T21:33:07","guid":{"rendered":"http:\/\/localhost:8888\/wordpress\/?page_id=125"},"modified":"2022-01-03T23:32:39","modified_gmt":"2022-01-03T21:32:39","slug":"der-weg-zu-uns","status":"publish","type":"page","link":"https:\/\/www.liederkranz-ruppertshofen.de\/?page_id=88","title":{"rendered":"&#8230;der Weg zu uns"},"content":{"rendered":"<p><a href=\"https:\/\/www.efa-bw.de\/nvbw\/XSLT_DM_REQUEST?sessionID=0&amp;language=de&amp;place_dm=Ilshofen&amp;name_dm=Ruppertshofen+Ort&amp;type_dm=stop\">&#8230;mit dem \u00d6ffentlichen&#8230;<\/a><\/p>\n<p>oder mit dem Wagen.<br \/>\n<iframe loading=\"lazy\" src=\"http:\/\/maps.google.de\/maps?f=q&amp;hl=de&amp;geocode=&amp;q=Ilshofen+Ruppertshofen&amp;sll=49.198868,9.913874&amp;sspn=0.027145,0.07699&amp;ie=UTF8&amp;ll=49.198476,9.915419&amp;spn=0.027145,0.07699&amp;t=h&amp;z=14&amp;iwloc=addr&amp;output=embed&amp;s=AARTsJrpILnfVLmQqwCqqPQAqdH4ZFVWnQ\" width=\"425\" height=\"350\" frameborder=\"0\" marginwidth=\"0\" marginheight=\"0\" scrolling=\"no\"><\/iframe><br \/>\n<small><a style=\"color: #0000ff; text-align: left;\" href=\"http:\/\/maps.google.de\/maps?f=q&amp;hl=de&amp;geocode=&amp;q=Ilshofen+Ruppertshofen&amp;sll=49.198868,9.913874&amp;sspn=0.027145,0.07699&amp;ie=UTF8&amp;ll=49.198476,9.915419&amp;spn=0.027145,0.07699&amp;t=h&amp;z=14&amp;iwloc=addr&amp;source=embed\">Gr\u00f6\u00dfere Kartenansicht<\/a><\/small><\/p>\n","protected":false},"excerpt":{"rendered":"<p>&#8230;mit dem \u00d6ffentlichen&#8230; oder mit dem Wagen. Gr\u00f6\u00dfere Kartenansicht<\/p>\n","protected":false},"author":1,"featured_media":0,"parent":0,"menu_order":0,"comment_status":"closed","ping_status":"open","template":"","meta":{"footnotes":""},"class_list":["post-88","page","type-page","status-publish","hentry"],"_links":{"self":[{"href":"https:\/\/www.liederkranz-ruppertshofen.de\/index.php?rest_route=\/wp\/v2\/pages\/88","targetHints":{"allow":["GET"]}}],"collection":[{"href":"https:\/\/www.liederkranz-ruppertshofen.de\/index.php?rest_route=\/wp\/v2\/pages"}],"about":[{"href":"https:\/\/www.liederkranz-ruppertshofen.de\/index.php?rest_route=\/wp\/v2\/types\/page"}],"author":[{"embeddable":true,"href":"https:\/\/www.liederkranz-ruppertshofen.de\/index.php?rest_route=\/wp\/v2\/users\/1"}],"replies":[{"embeddable":true,"href":"https:\/\/www.liederkranz-ruppertshofen.de\/index.php?rest_route=%2Fwp%2Fv2%2Fcomments&post=88"}],"version-history":[{"count":0,"href":"https:\/\/www.liederkranz-ruppertshofen.de\/index.php?rest_route=\/wp\/v2\/pages\/88\/revisions"}],"wp:attachment":[{"href":"https:\/\/www.liederkranz-ruppertshofen.de\/index.php?rest_route=%2Fwp%2Fv2%2Fmedia&parent=88"}],"curies":[{"name":"wp","href":"https:\/\/api.w.org\/{rel}","templated":true}]}}