{"id":7,"date":"2008-05-26T22:50:45","date_gmt":"2008-05-26T20:50:45","guid":{"rendered":"http:\/\/www.liederkranz-ruppertshofen.de\/?page_id=7"},"modified":"2018-05-19T15:03:03","modified_gmt":"2018-05-19T13:03:03","slug":"about-2","status":"publish","type":"page","link":"https:\/\/www.liederkranz-ruppertshofen.de\/?page_id=7","title":{"rendered":"Impressum und Datenschutzerkl\u00e4rung"},"content":{"rendered":"<p>der Internetauftritt des Liederkranzes Ruppertshofen-Leofels 1844 besteht seit 2003<\/p>\n<p><span style=\"font-weight: bold;\">Disclaimer &#8211; Haftungsausschluss f\u00fcr das Webangebot des Liederkranzes Ruppertshofen-Leofels<\/span><\/p>\n<p><span style=\"font-weight: bold;\">Inhalt des Webangebotes<\/span><\/p>\n<p>Der Liederkranz Ruppertshofen-Leofels ist bem\u00fcht, sein Webangebot stets aktuell und inhaltlich richtig sowie vollst\u00e4ndig anzubieten. Dennoch ist das Auftreten von Fehlern nicht v\u00f6llig auszuschlie\u00dfen.<\/p>\n<p>Der Liederkranz Ruppertshofen-Leofels \u00fcbernimmt keine Haftung f\u00fcr die Aktualit\u00e4t, die inhaltliche Richtigkeit sowie f\u00fcr die Vollst\u00e4ndigkeit der in seinem Webangebot eingestellten Informationen, es sei denn die Fehler wurden vors\u00e4tzlich oder grob fahrl\u00e4ssig aufgenommen. Dies bezieht sich auf eventuelle Sch\u00e4den materieller oder ideeller Art Dritter, die durch die Nutzung dieses Webangebotes verursacht wurden.<\/p>\n<p><span style=\"font-weight: bold;\">Copyright<\/span><\/p>\n<p>Das Layout der Homepage, die verwendeten Grafiken und Bilder, die Sammlung sowie einzelnen Beitr\u00e4ge sind urheberrechtlich gesch\u00fctzt.<\/p>\n<p>Alle Rechte, auch die der fotomechanischen Wiedergabe, der Vervielf\u00e4ltigung und der Verbreitung mittels besonderer Verfahren (zum Beispiel Datenverarbeitung, Datentr\u00e4ger und Datennetze), auch teilweise, beh\u00e4lt sich der Liederkranz Ruppertshofen-Leofels vor.<\/p>\n<p><span style=\"font-weight: bold;\">Externe Verweise und Links<\/span><\/p>\n<p>Mit Urteil vom 12.Mai 1998 hat das LG Hamburg entschieden, dass man durch die Ausbringung eines Links die Inhalte der gelinkten Seite ggf. mit zu verantworten hat. Dies kann, so das LG, nur dadurch verhindert werden, dass man sich ausdr\u00fccklich von diesen Inhalten distanziert.<\/p>\n<p>Wir haben auf unseren Seiten Links zu Seiten im Internet gelegt, deren Inhalt und Aktualisierung nicht dem Einflussbereich des Liederkranzes Ruppertshofen-Leofels unterliegen. F\u00fcr alle diese Links gilt:<\/p>\n<p>&#8222;Der Liederkranz Ruppertshofen-Leofels hat keinen Einfluss auf Gestaltung und Inhalte fremder Internetseiten. Er distanziert sich daher von allen fremden Inhalten, auch wenn von Seiten vom Liederkranz Ruppertshofen-Leofels auf diese externe Seiten ein Link gesetzt wurde.&#8220;<\/p>\n<p>Diese Erkl\u00e4rung gilt f\u00fcr alle auf unserer Homepage angezeigten Links und f\u00fcr alle Inhalte der Seiten, zu denen die bei uns angemeldeten Banner und Links f\u00fchren.<\/p>\n<p class=\"s3-t s3-t0\"><strong><big>Datenschutzerkl\u00e4rung<\/big><\/strong><\/p>\n<p class=\"s3-t s3-t0\"><strong>Anbieter und verantwortliche Stelle im Sinne des Datenschutzgesetzes<\/strong><\/p>\n<p class=\"s3-t s3-t0\"><span id=\"s3-t-firma\">Liederkranz Ruppertshofen-Leofels e.V.<\/span><br \/>\n<span id=\"s3-t-ort\"><\/span><\/p>\n<p>Oliver Paul<\/p>\n<p>Alte Stra\u00dfe 2<\/p>\n<p>74532 Ilshofen<\/p>\n<p class=\"s3-t s3-t0\"><strong>Geltungsbereich<\/strong><\/p>\n<p class=\"s3-t s3-t0\">Nutzer erhalten mit dieser Datenschutzerkl\u00e4rung Information \u00fcber die Art, den Umfang und Zweck der Erhebung und Verwendung ihrer Daten durch den verantwortlichen Anbieter erhoben und verwendet werden.<\/p>\n<p class=\"s3-t s3-t0\">Den rechtlichen Rahmen f\u00fcr den Datenschutz bilden das Bundesdatenschutzgesetz (BDSG) und das Telemediengesetz (TMG).<\/p>\n<p class=\"s3-t s3-t9\"><strong>Einbindung von Diensten und Inhalten Dritter<\/strong><\/p>\n<p class=\"s3-t s3-t9\">Unser Angebot umfasst mitunter Inhalte, Dienste und Leistungen anderer Anbieter. Das sind zum Beispiel Karten, die von Google-Maps zur Verf\u00fcgung gestellt werden, Videos von YouTube sowie Grafiken und Bilder anderer Webseiten. Damit diese Daten im Browser des Nutzers aufgerufen und dargestellt werden k\u00f6nnen, ist die \u00dcbermittlung der IP-Adresse zwingend notwendig. Die Anbieter (im Folgenden als \u201eDritt-Anbieter\u201c bezeichnet) nehmen also die IP-Adresse des jeweiligen Nutzers wahr.<\/p>\n<p class=\"s3-t s3-t9\">Auch wenn wir bem\u00fcht sind, ausschlie\u00dflich Dritt-Anbieter zu nutzen, welche die IP-Adresse nur ben\u00f6tigen, um Inhalte ausliefern zu k\u00f6nnen, haben wir keinen Einfluss darauf, ob die IP-Adresse m\u00f6glicherweise gespeichert wird. Dieser Vorgang dient in dem Fall unter anderem statistischen Zwecken. Sofern wir Kenntnis davon haben, dass die IP-Adresse gespeichert wird, weisen wir unsere Nutzer darauf hin.<\/p>\n<p class=\"s3-t s3-t0\"><strong>Ihre Rechte auf Auskunft, Berichtigung, Sperre, L\u00f6schung und Widerspruch<\/strong><\/p>\n<p class=\"s3-t s3-t0\">Sie haben das Recht, auf Antrag unentgeltlich eine Auskunft, \u00fcber die bei uns gespeicherten personenbezogenen Daten, anzufordern und\/oder eine Berichtigung, Sperrung oder L\u00f6schung zu verlangen. Ausnahmen: Es handelt sich um die vorgeschriebene Datenspeicherung zur Gesch\u00e4ftsabwicklung oder die Daten unterliegen der gesetzlichen Aufbewahrungspflicht.<\/p>\n<p class=\"s3-t s3-t0\">F\u00fcr diese Zwecke kontaktieren Sie bitte unseren Vereinsvorstand.<\/p>\n<p class=\"s3-t s3-t0\">Um eine Datensperre jederzeit ber\u00fccksichtigen zu k\u00f6nnen, ist es erforderlich, die Daten f\u00fcr Kontrollzwecke in einer Sperrdatei vorzuhalten. Besteht keine gesetzliche Archivierungspflicht, k\u00f6nnen Sie auch die L\u00f6schung der Daten verlangen. Anderenfalls sperren wir die Daten, sofern Sie dies w\u00fcnschen.<\/p>\n<p class=\"s3-t s3-t0\"><strong>\u00c4nderung unserer Datenschutzerkl\u00e4rung<\/strong><\/p>\n<p class=\"s3-t s3-t0\">Um zu gew\u00e4hrleisten, dass unsere Datenschutzerkl\u00e4rung stets den aktuellen gesetzlichen Vorgaben entspricht, behalten wir uns jederzeit \u00c4nderungen vor. Das gilt auch f\u00fcr den Fall, dass die Datenschutzerkl\u00e4rung aufgrund neuer oder \u00fcberarbeiteter Leistungen, zum Beispiel neuer Serviceleistungen, angepasst werden muss. Die neue Datenschutzerkl\u00e4rung greift dann bei Ihrem n\u00e4chsten Besuch auf unserem Angebot.<\/p>\n<p>&nbsp;<\/p>\n","protected":false},"excerpt":{"rendered":"<p>der Internetauftritt des Liederkranzes Ruppertshofen-Leofels 1844 besteht seit 2003 Disclaimer &#8211; Haftungsausschluss f\u00fcr das Webangebot des Liederkranzes Ruppertshofen-Leofels Inhalt des&hellip;<\/p>\n","protected":false},"author":1,"featured_media":0,"parent":0,"menu_order":0,"comment_status":"closed","ping_status":"open","template":"","meta":{"footnotes":""},"class_list":["post-7","page","type-page","status-publish","hentry"],"_links":{"self":[{"href":"https:\/\/www.liederkranz-ruppertshofen.de\/index.php?rest_route=\/wp\/v2\/pages\/7","targetHints":{"allow":["GET"]}}],"collection":[{"href":"https:\/\/www.liederkranz-ruppertshofen.de\/index.php?rest_route=\/wp\/v2\/pages"}],"about":[{"href":"https:\/\/www.liederkranz-ruppertshofen.de\/index.php?rest_route=\/wp\/v2\/types\/page"}],"author":[{"embeddable":true,"href":"https:\/\/www.liederkranz-ruppertshofen.de\/index.php?rest_route=\/wp\/v2\/users\/1"}],"replies":[{"embeddable":true,"href":"https:\/\/www.liederkranz-ruppertshofen.de\/index.php?rest_route=%2Fwp%2Fv2%2Fcomments&post=7"}],"version-history":[{"count":0,"href":"https:\/\/www.liederkranz-ruppertshofen.de\/index.php?rest_route=\/wp\/v2\/pages\/7\/revisions"}],"wp:attachment":[{"href":"https:\/\/www.liederkranz-ruppertshofen.de\/index.php?rest_route=%2Fwp%2Fv2%2Fmedia&parent=7"}],"curies":[{"name":"wp","href":"https:\/\/api.w.org\/{rel}","templated":true}]}}