{"id":556,"date":"2014-07-13T15:53:22","date_gmt":"2014-07-13T13:53:22","guid":{"rendered":"http:\/\/www.liederkranz-ruppertshofen.de\/?page_id=556"},"modified":"2018-05-07T00:19:20","modified_gmt":"2018-05-06T22:19:20","slug":"geschichtliches","status":"publish","type":"page","link":"https:\/\/www.liederkranz-ruppertshofen.de\/?page_id=556","title":{"rendered":"geschichtliches"},"content":{"rendered":"<p>Heimat- und Kulturtage 2014 &#8211; 170 Jahre Gr\u00fcndung des Liederkranzes Ruppertshofen(-Leofels) im Jahre 1844.<\/p>\n<div id=\"attachment_557\" style=\"width: 650px\" class=\"wp-caption alignleft\"><a href=\"https:\/\/www.liederkranz-ruppertshofen.de\/wp-content\/uploads\/2014\/07\/Gruppenbild-LKR-2013-klein.jpg\"><img loading=\"lazy\" decoding=\"async\" aria-describedby=\"caption-attachment-557\" class=\"size-large wp-image-557\" src=\"https:\/\/www.liederkranz-ruppertshofen.de\/wp-content\/uploads\/2014\/07\/Gruppenbild-LKR-2013-klein-1024x678.jpg\" alt=\"Liederkranz Ruppertshofen-Leofels 1844 e.V. im Jahre 2013\" width=\"640\" height=\"423\" srcset=\"https:\/\/www.liederkranz-ruppertshofen.de\/wp-content\/uploads\/2014\/07\/Gruppenbild-LKR-2013-klein-1024x678.jpg 1024w, https:\/\/www.liederkranz-ruppertshofen.de\/wp-content\/uploads\/2014\/07\/Gruppenbild-LKR-2013-klein-300x198.jpg 300w, https:\/\/www.liederkranz-ruppertshofen.de\/wp-content\/uploads\/2014\/07\/Gruppenbild-LKR-2013-klein-150x99.jpg 150w, https:\/\/www.liederkranz-ruppertshofen.de\/wp-content\/uploads\/2014\/07\/Gruppenbild-LKR-2013-klein-400x265.jpg 400w, https:\/\/www.liederkranz-ruppertshofen.de\/wp-content\/uploads\/2014\/07\/Gruppenbild-LKR-2013-klein.jpg 1280w\" sizes=\"auto, (max-width: 640px) 100vw, 640px\" \/><\/a><p id=\"caption-attachment-557\" class=\"wp-caption-text\">Liederkranz Ruppertshofen-Leofels 1844 e.V. im Jahre 2013<\/p><\/div>\n<p>Die Gr\u00fcndung des Liederkranzes Ruppertshofen erfolgte durch den damaligen Schullehrer Melber, erste Singproben mit dem damals neuen W\u00fcrttembergischen Gesangsbuch gab es allerdings bereits 1842.<br \/>\nIm 19. Jahrhundert setzte eine Gr\u00fcndungswelle von M\u00e4nnergesangvereinen auch in W\u00fcrttemberg ein. Dazu trugen mehrere Faktoren bei. Zun\u00e4chst begeisterte sich die Romantik f\u00fcr den unbegleiteten Liedvortrag und das Volkslied. Man suchte systematisch nach alten Liedern und zeichnete sie auf. Gleichzeitig entstanden neue Formen der Geselligkeit, unter anderem die Vereine. Dazu wurde auch von kirchlicher Seite zur Gr\u00fcndung von &#8222;Singe-Vereinen der Schullehrer&#8220; aufgerufen.<\/p>\n<p>Leider sind in den letzten Kriegstagen 1945 alle alten Protokollb\u00fccher des Vereins verloren gegangen. Erst 1957 wurde aus restlichen Aufzeichnungen und Erinnerungen die Vereinsgeschichte wieder rekonstruiert.<br \/>\nSo gab es wohl zwischen 1893 und 1903 eine &#8222;Ruhephase&#8220; der Vereinslebens. Hauptlehrer W\u00f6hr belebte den Verein wieder neu.<\/p>\n<p>Lehrer Samuel Walter Gauss war der erste Lehrer in der neuen Schule Leofels von 1902 bis 1907. Er schrieb das Lied \u201eGru\u00df an die Heimat\u201c 1907 f\u00fcr den 1903 gegr\u00fcndeten Verein \u201eEintracht Leofels-Hessenau\u201c. Der Verein erhielt im Jahre 1924 eine Fahne, 1925 wurden die Statuten des Vereins neu gefasst. \u201e\u00a71 \u2013 Zweck des Vereins ist die Pflege des Volksgesangs (4-stimmiger M\u00e4nnerchor)\u201c. In den seit 1949 g\u00fcltigen Statuten des Vereins findet sich unter \u00a7 12 der Absatz:\u00a0 \u201eVon den Mitgliedern wird erwartet, dass sie auch au\u00dferhalb des Vereins demselben keine Unehre machen. Zu unterlassen ist das Singen von Vereinsliedern im Wirtshause, wenn nicht der Gesamtverein mitwirkt.\u201c<\/p>\n<p>Im Jahre 1928 weihte der Liederkranz Ruppertshofen seine neue Fahne im Rahmen eines gro\u00dfen S\u00e4ngerfestes ein. Bereits ab 1968 gab es erste Beschl\u00fcsse zur Verschmelzung des Liederkranzes Ruppertshofen mit dem Gesangverein Eintracht Leofels-Hessenau. Dieser wurde formal erst im Jahre 1990 beschlossen.<\/p>\n<p>Im Jahre 1974 wurde nach langer Zeit wieder ein Heimatfest in Ruppertshofen gefeiert. Auch 1989 gab es ein Chortreffen und Heimatfest mit Umzug. Die 150-Jahr-Feier wurde 1994 mit einem gro\u00dfen Heimatfest wieder mit Umzug begangen. Zur 160 Jahr Feier 2004 wurden drei Tage Heimat- und Kulturtage veranstaltet. Damals in \u00e4hnlichem Umfang und Rahmen wie in diesem Jahr.<\/p>\n<p>Seit 1988 gibt es die bekannten und beliebten Jahresfeiern im Gemeindehaus Ruppertshofen. Sie bilden den Dreh- und Angelpunkt der musikalischen Arbeit des M\u00e4nnerchores. Der Chor besteht derzeit aus ca. 40 S\u00e4ngern und weist ein reges Vereinsleben mit zahlreichen Teilnahmen an S\u00e4ngerfesten und anderen Chorveranstaltungen auf. Seine Aufgaben im Dorfleben, Hochzeiten, Geburtstage und Beerdigungen musikalisch zu umrahmen, kommt der M\u00e4nnerchor stets gerne nach.<\/p>\n<p>Seit diesem Jahr freuen wir uns \u00fcber unsere neue Chorleiterin Monika F\u00f6rnzler. Sie ist die erste Dirigentin des M\u00e4nnerchores seit 1844&#8230;<\/p>\n","protected":false},"excerpt":{"rendered":"<p>Heimat- und Kulturtage 2014 &#8211; 170 Jahre Gr\u00fcndung des Liederkranzes Ruppertshofen(-Leofels) im Jahre 1844. Die Gr\u00fcndung des Liederkranzes Ruppertshofen erfolgte&hellip;<\/p>\n","protected":false},"author":1,"featured_media":0,"parent":0,"menu_order":0,"comment_status":"closed","ping_status":"open","template":"","meta":{"footnotes":""},"class_list":["post-556","page","type-page","status-publish","hentry"],"_links":{"self":[{"href":"https:\/\/www.liederkranz-ruppertshofen.de\/index.php?rest_route=\/wp\/v2\/pages\/556","targetHints":{"allow":["GET"]}}],"collection":[{"href":"https:\/\/www.liederkranz-ruppertshofen.de\/index.php?rest_route=\/wp\/v2\/pages"}],"about":[{"href":"https:\/\/www.liederkranz-ruppertshofen.de\/index.php?rest_route=\/wp\/v2\/types\/page"}],"author":[{"embeddable":true,"href":"https:\/\/www.liederkranz-ruppertshofen.de\/index.php?rest_route=\/wp\/v2\/users\/1"}],"replies":[{"embeddable":true,"href":"https:\/\/www.liederkranz-ruppertshofen.de\/index.php?rest_route=%2Fwp%2Fv2%2Fcomments&post=556"}],"version-history":[{"count":0,"href":"https:\/\/www.liederkranz-ruppertshofen.de\/index.php?rest_route=\/wp\/v2\/pages\/556\/revisions"}],"wp:attachment":[{"href":"https:\/\/www.liederkranz-ruppertshofen.de\/index.php?rest_route=%2Fwp%2Fv2%2Fmedia&parent=556"}],"curies":[{"name":"wp","href":"https:\/\/api.w.org\/{rel}","templated":true}]}}